{"id":121,"date":"2024-12-02T19:38:01","date_gmt":"2024-12-02T18:38:01","guid":{"rendered":"https:\/\/hy-performance.fitness\/?page_id=121"},"modified":"2024-12-16T17:16:18","modified_gmt":"2024-12-16T16:16:18","slug":"datenschutz","status":"publish","type":"page","link":"https:\/\/hy-performance.fitness\/?page_id=121","title":{"rendered":"datenschutz"},"content":{"rendered":"\n<div style=\"height:100px\" aria-hidden=\"true\" class=\"wp-block-spacer\"><\/div>\n\n\n\n<h1 class=\"wp-block-heading\" id=\"datenschutz-1\">Datenschutzerkl\u00e4rung<\/h1>\n\n\n\n<h2 class=\"wp-block-heading\">&nbsp;<\/h2>\n\n\n\n<h2 class=\"wp-block-heading\" id=\"einleitung-und-uberblick\">Einleitung und \u00dcberblick<\/h2>\n\n\n\n<p>Wir haben diese Datenschutzerkl\u00e4rung verfasst, um Ihnen gem\u00e4\u00df den Vorgaben der&nbsp;Datenschutz-Grundverordnung (EU) 2016\/679 und anwendbaren nationalen Gesetzen zu erkl\u00e4ren, welche personenbezogenen Daten (kurz Daten) wir als Verantwortliche \u2013 und die von uns beauftragten Auftragsverarbeiter (z. B. Provider) \u2013 verarbeiten, zuk\u00fcnftig verarbeiten werden und welche rechtm\u00e4\u00dfigen M\u00f6glichkeiten Sie haben. Die verwendeten Begriffe sind geschlechtsneutral zu verstehen.<\/p>\n\n\n\n<p>Datenschutzerkl\u00e4rungen klingen f\u00fcr gew\u00f6hnlich sehr technisch und verwenden juristische Fachbegriffe. Diese Datenschutzerkl\u00e4rung soll Ihnen hingegen die wichtigsten Dinge so einfach und transparent wie m\u00f6glich beschreiben. Soweit es der Transparenz f\u00f6rderlich ist haben wir versucht, technische&nbsp;<strong>Begriffe leserfreundlich zu erkl\u00e4ren<\/strong>. Wir informieren damit in klarer und einfacher Sprache, dass wir im Rahmen unserer Gesch\u00e4ftst\u00e4tigkeiten nur dann personenbezogene Daten verarbeiten, wenn eine entsprechende gesetzliche Grundlage gegeben ist. Das ist sicher nicht m\u00f6glich, wenn man m\u00f6glichst knappe, unklare und juristisch-technische Erkl\u00e4rungen abgibt, so wie sie im Internet oft Standard sind, wenn es um Datenschutz geht. Wir hoffen, Sie finden die folgenden Erl\u00e4uterungen interessant und informativ und vielleicht ist die eine oder andere Information dabei, die Sie noch nicht kannten.<\/p>\n\n\n\n<p>Wenn trotzdem Fragen bleiben, m\u00f6chten wir Sie bitten, sich an die unten bzw. im Impressum genannte verantwortliche Stelle zu wenden und sich weitere Informationen auf Drittseiten anzusehen. Unsere Kontaktdaten finden Sie selbstverst\u00e4ndlich auch im Impressum.<br><br><strong>Anwendungsbereich<\/strong><\/p>\n\n\n\n<p>Diese Datenschutzerkl\u00e4rung gilt f\u00fcr alle von uns im Unternehmen verarbeiteten personenbezogenen Daten und f\u00fcr alle personenbezogenen Daten, die von uns beauftragte Firmen (Auftragsverarbeiter) verarbeiten. Mit personenbezogenen Daten meinen wir Informationen im Sinne des Art. 4 Nr. 1 DSGVO wie zum Beispiel Name, Email-Adresse und postalische Anschrift einer Person. Die Verarbeitung personenbezogener Daten sorgt daf\u00fcr, dass wir unsere Dienstleistungen und Produkte anbieten und abrechnen k\u00f6nnen, sei es online oder offline. Der Anwendungsbereich dieser Datenschutzerkl\u00e4rung umfasst:<\/p>\n\n\n\n<ul class=\"wp-block-list\">\n<li>alle Onlineauftritte (Websites), die wir betreiben<\/li>\n\n\n\n<li>Social Media Auftritte und E-Mail-Kommunikation<\/li>\n\n\n\n<li>mobile Apps f\u00fcr Smartphones und andere Ger\u00e4te<\/li>\n<\/ul>\n\n\n\n<p>Die Datenschutzerkl\u00e4rung gilt f\u00fcr alle Bereiche, in denen personenbezogene Daten im Unternehmen \u00fcber die genannten Kan\u00e4le strukturiert verarbeitet werden.<br><br><strong>Rechtsgrundlagen<\/strong><\/p>\n\n\n\n<p>In der vorliegenden Datenschutzerkl\u00e4rung geben wir Ihnen Informationen zu den rechtlichen Grunds\u00e4tzen und Vorschriften, also den Rechtsgrundlagen der Datenschutz-Grundverordnung, die uns erm\u00f6glichen, personenbezogene Daten zu verarbeiten.<br>Was das EU-Recht betrifft, beziehen wir uns auf die VERORDNUNG (EU) 2016\/679 DES EUROP\u00c4ISCHEN PARLAMENTS UND DES RATES vom 27. April 2016. Diese Datenschutz-Grundverordnung der EU k\u00f6nnen Sie selbstverst\u00e4ndlich online auf EUR-Lex, dem Zugang zum EU-Recht nachlesen.<\/p>\n\n\n\n<p>Wir verarbeiten Ihre Daten nur, wenn mindestens eine der folgenden Bedingungen zutrifft:<\/p>\n\n\n\n<ol class=\"wp-block-list\">\n<li><strong>Einwilligung<\/strong>&nbsp;(Artikel 6 Absatz 1 lit. a DSGVO): Sie haben uns Ihre Einwilligung gegeben, Daten zu einem bestimmten Zweck zu verarbeiten. Ein Beispiel w\u00e4re die Speicherung Ihrer eingegebenen Daten eines Kontaktformulars.<\/li>\n\n\n\n<li><strong>Vertrag<\/strong>&nbsp;(Artikel 6 Absatz 1 lit. b DSGVO): Um einen Vertrag oder vorvertragliche Verpflichtungen mit Ihnen zu erf\u00fcllen, verarbeiten wir Ihre Daten. Wenn wir zum Beispiel einen Dienstleistungsvertrag mit Ihnen abschlie\u00dfen, ben\u00f6tigen wir vorab personenbezogene Informationen.<\/li>\n\n\n\n<li><strong>Rechtliche Verpflichtung<\/strong>&nbsp;(Artikel 6 Absatz 1 lit. c DSGVO): Wenn wir einer rechtlichen Verpflichtung unterliegen, verarbeiten wir Ihre Daten. Zum Beispiel sind wir gesetzlich verpflichtet Rechnungen f\u00fcr die Buchhaltung aufzuheben. Diese enthalten in der Regel personenbezogene Daten.<\/li>\n\n\n\n<li><strong>Berechtigte Interessen<\/strong>&nbsp;(Artikel 6 Absatz 1 lit. f DSGVO): Im Falle berechtigter Interessen, die Ihre Grundrechte nicht einschr\u00e4nken, behalten wir uns die Verarbeitung personenbezogener Daten vor. Wir m\u00fcssen zum Beispiel gewisse Daten verarbeiten, um unsere Website sicher und wirtschaftlich effizient betreiben zu k\u00f6nnen. Diese Verarbeitung ist somit ein berechtigtes Interesse.<\/li>\n<\/ol>\n\n\n\n<p>Weitere Bedingungen wie die Wahrnehmung von Aufnahmen im \u00f6ffentlichen Interesse und Aus\u00fcbung \u00f6ffentlicher Gewalt sowie dem Schutz lebenswichtiger Interessen treten bei uns in der Regel nicht auf.<\/p>\n\n\n\n<p>Zus\u00e4tzlich zu der EU-Verordnung gelten auch noch nationale Gesetze: In&nbsp;<strong>Deutschland<\/strong>&nbsp;gilt das&nbsp;<strong>Bundesdatenschutzgesetz<\/strong>, kurz&nbsp;<strong>BDSG<\/strong>.<\/p>\n\n\n\n<div style=\"height:100px\" aria-hidden=\"true\" class=\"wp-block-spacer\"><\/div>\n\n\n\n<h2 class=\"wp-block-heading\" id=\"kontaktdaten-des-verantwortlichen\">Kontaktdaten des Verantwortlichen<\/h2>\n\n\n\n<p>Sollten Sie Fragen zum Datenschutz haben, finden Sie nachfolgend unsere Kontaktdaten:<\/p>\n\n\n\n<p><strong>Trainingsstudio hy_performance<\/strong><br>ein Gesch\u00e4ftsbereich der hyreis Retail GmbH<br>Fiedelerstra\u00dfe 18, 30519 Hannover<br>Telefon +49 172 29 87 222<br>Fax +49 172 50 29 87 222<br>Email office@hyreis.de bzw. office@hy-performance.fitness<br><br><strong>Speicherdauer<\/strong><strong><\/strong><\/p>\n\n\n\n<p>Dass wir personenbezogene Daten nur so lange speichern, wie es f\u00fcr die Bereitstellung unserer Dienstleistungen und Produkte unbedingt notwendig ist, gilt als generelles Kriterium bei uns. Das bedeutet, dass wir personenbezogene Daten l\u00f6schen, sobald der Grund f\u00fcr die Datenverarbeitung nicht mehr vorhanden ist. In einigen F\u00e4llen sind wir gesetzlich dazu verpflichtet, bestimmte Daten auch nach Wegfall des urspr\u00fcnglichen Zwecks zu speichern, zum Beispiel zu Zwecken der Buchf\u00fchrung.<\/p>\n\n\n\n<p>Sollten Sie die L\u00f6schung Ihrer Daten w\u00fcnschen oder die Einwilligung zur Datenverarbeitung widerrufen, werden die Daten so rasch wie m\u00f6glich und soweit keine Pflicht zur Speicherung besteht, gel\u00f6scht.<br><br><strong>Rechte laut Datenschutz-Grundverordnung<\/strong><\/p>\n\n\n\n<p>Laut Artikel 13 DSGVO stehen Ihnen die folgenden Rechte zu, damit es zu einer fairen und transparenten Verarbeitung von Daten kommt.<\/p>\n\n\n\n<p>Sie haben laut Artikel 15 DSGVO ein Auskunftsrecht dar\u00fcber, ob wir Daten von Ihnen verarbeiten. Sollte das zutreffen, haben Sie Recht darauf eine Kopie der Daten zu erhalten und die folgenden Informationen zu erfahren:<\/p>\n\n\n\n<ul class=\"wp-block-list\">\n<li>zu welchem Zweck wir die Verarbeitung durchf\u00fchren;<\/li>\n\n\n\n<li>die Kategorien, also die Arten von Daten, die verarbeitet werden;<\/li>\n\n\n\n<li>wer diese Daten erh\u00e4lt und wenn die Daten an Drittl\u00e4nder \u00fcbermittelt werden, wie die Sicherheit garantiert werden kann;<\/li>\n\n\n\n<li>wie lange die Daten gespeichert werden;<\/li>\n\n\n\n<li>das Bestehen des Rechts auf Berichtigung, L\u00f6schung oder Einschr\u00e4nkung der Verarbeitung und dem Widerspruchsrecht gegen die Verarbeitung;<\/li>\n\n\n\n<li>dass Sie sich bei einer Aufsichtsbeh\u00f6rde beschweren k\u00f6nnen (Infos zu diesen Beh\u00f6rden finden Sie weiter unten);<\/li>\n\n\n\n<li>die Herkunft der Daten, wenn wir sie nicht bei Ihnen erhoben haben;<\/li>\n\n\n\n<li>ob Profiling durchgef\u00fchrt wird, ob also Daten automatisch ausgewertet werden, um zu einem pers\u00f6nlichen Profil von Ihnen zu gelangen.<\/li>\n<\/ul>\n\n\n\n<p>Sie haben laut Artikel 17 DSGVO das Recht auf L\u00f6schung (\u201eRecht auf Vergessenwerden\u201c), was konkret bedeutet, dass Sie die L\u00f6schung Ihrer Daten verlangen d\u00fcrfen.<\/p>\n\n\n\n<p>Sie haben laut Artikel 16 DSGVO ein Recht auf Berichtigung der Daten, was bedeutet, dass wir Daten richtigstellen m\u00fcssen, falls Sie Fehler finden.<\/p>\n\n\n\n<p>Sie haben laut Artikel 18 DSGVO das Recht auf Einschr\u00e4nkung der Verarbeitung, was bedeutet, dass wir die Daten nur mehr speichern d\u00fcrfen aber nicht weiterverwenden.<\/p>\n\n\n\n<p>Sie haben laut Artikel 19 DSGVO das Recht auf Daten\u00fcbertragbarkeit, was bedeutet, dass wir Ihnen auf Anfrage Ihre Daten in einem g\u00e4ngigen Format zur Verf\u00fcgung stellen.<\/p>\n\n\n\n<p>Sie haben laut Artikel 21 DSGVO ein Widerspruchsrecht, welches nach Durchsetzung eine \u00c4nderung der Verarbeitung mit sich bringt.<\/p>\n\n\n\n<ul class=\"wp-block-list\">\n<li>Wenn die Verarbeitung Ihrer Daten auf Artikel 6 Abs. 1 lit. e (\u00f6ffentliches Interesse, Aus\u00fcbung \u00f6ffentlicher Gewalt) oder Artikel 6 Abs. 1 lit. f (berechtigtes Interesse) basiert, k\u00f6nnen Sie gegen die Verarbeitung Widerspruch einlegen. Wir pr\u00fcfen danach so rasch wie m\u00f6glich, ob wir diesem Widerspruch rechtlich nachkommen k\u00f6nnen.<\/li>\n\n\n\n<li>Werden Daten verwendet, um Direktwerbung zu betreiben, k\u00f6nnen Sie jederzeit gegen diese Art der Datenverarbeitung widersprechen. Wir d\u00fcrfen Ihre Daten danach nicht mehr f\u00fcr Direktmarketing verwenden.<\/li>\n\n\n\n<li>Werden Daten verwendet, um Profiling zu betreiben, k\u00f6nnen Sie jederzeit gegen diese Art der Datenverarbeitung widersprechen. Wir d\u00fcrfen Ihre Daten danach nicht mehr f\u00fcr Profiling verwenden.<\/li>\n<\/ul>\n\n\n\n<p>Sie haben laut Artikel 22 DSGVO unter Umst\u00e4nden das Recht, nicht einer ausschlie\u00dflich auf einer automatisierten Verarbeitung (zum Beispiel Profiling) beruhenden Entscheidung unterworfen zu werden.<\/p>\n\n\n\n<p>Wenn Sie glauben, dass die Verarbeitung Ihrer Daten gegen das Datenschutzrecht verst\u00f6\u00dft oder Ihre datenschutzrechtlichen Anspr\u00fcche in sonst einer Weise verletzt worden sind, k\u00f6nnen Sie sich bei der Aufsichtsbeh\u00f6rde beschweren. In Deutschland gibt es f\u00fcr jedes Bundesland einen Datenschutzbeauftragten. F\u00fcr unser Unternehmen ist die folgende lokale Datenschutzbeh\u00f6rde zust\u00e4ndig:<\/p>\n\n\n\n<div style=\"height:100px\" aria-hidden=\"true\" class=\"wp-block-spacer\"><\/div>\n\n\n\n<h2 class=\"wp-block-heading\" id=\"niedersachsen-datenschutzbehorde\">Niedersachsen Datenschutzbeh\u00f6rde<\/h2>\n\n\n\n<p><strong>Landesbeauftragte f\u00fcr Datenschutz:<\/strong>&nbsp;Barbara Thiel<br><strong>Adresse:<\/strong>Prinzenstra\u00dfe 5, 30159 Hannover<br><strong>Telefonnummer:<\/strong>&nbsp;0511\/120-45 00<br><strong>E-Mail:<\/strong>&nbsp;<a href=\"mailto:poststelle@lfd.niedersachsen.de\">poststelle@lfd.niedersachsen.de<\/a><br><br><strong>Sicherheit der Datenverarbeitung<\/strong><\/p>\n\n\n\n<p>Um personenbezogene Daten zu sch\u00fctzen, haben wir sowohl technische als auch organisatorische Ma\u00dfnahmen umgesetzt. Wo es uns m\u00f6glich ist, verschl\u00fcsseln oder pseudonymisieren wir personenbezogene Daten. Dadurch machen wir es im Rahmen unserer M\u00f6glichkeiten so schwer wie m\u00f6glich, dass Dritte aus unseren Daten auf pers\u00f6nliche Informationen schlie\u00dfen k\u00f6nnen.<\/p>\n\n\n\n<p>Ein wesentlicher Faktor der Datensicherheit ist die TLS-Verschl\u00fcsselung mit https. Wir verwenden https (das Hypertext Transfer Protocol Secure steht f\u00fcr \u201esicheres Hypertext-\u00dcbertragungsprotokoll\u201c), um Daten abh\u00f6rsicher im Internet zu \u00fcbertragen. Das bedeutet, dass die komplette \u00dcbertragung aller Daten von Ihrem Browser zu unserem Webserver abgesichert ist \u2013 niemand kann \u201cmith\u00f6ren\u201d.<\/p>\n\n\n\n<p>Damit haben wir eine zus\u00e4tzliche Sicherheitsschicht eingef\u00fchrt und erf\u00fcllen Datenschutz durch Technikgestaltung&nbsp;(Artikel 25 Absatz 1 DSGVO). Durch den Einsatz von TLS (Transport Layer Security), einem Verschl\u00fcsselungsprotokoll zur sicheren Daten\u00fcbertragung im Internet, k\u00f6nnen wir den Schutz vertraulicher Daten sicherstellen. Sie erkennen die Benutzung dieser Absicherung der Daten\u00fcbertragung am kleinen Schlosssymbol&nbsp;links oben im Browser, links von der Internetadresse und der Verwendung des Schemas https (anstatt http) als Teil unserer Internetadresse.<br><br><strong>Kommunikation<\/strong><\/p>\n\n\n\n<p>Wenn Sie mit uns Kontakt aufnehmen und per Telefon, Email oder Online-Formular kommunizieren, kommt es zur Verarbeitung personenbezogener Daten. Diese Daten werden f\u00fcr die Abwicklung und Bearbeitung Ihrer Frage und des damit zusammenh\u00e4ngenden Gesch\u00e4ftsvorgangs ben\u00f6tigt.<\/p>\n\n\n\n<ul class=\"wp-block-list\">\n<li>Wenn Sie uns anrufen, werden die Anrufdaten auf dem jeweiligen Endger\u00e4t und beim eingesetzten Telekommunikationsanbieter pseudonymisiert gespeichert. Au\u00dferdem k\u00f6nnen Daten wie Name und Telefonnummer im Anschluss per E-Mail versendet und zur Anfragebeantwortung gespeichert werden. Die Daten werden gel\u00f6scht, sobald der Gesch\u00e4ftsfall beendet wurde und es gesetzliche Vorgaben erlauben.<\/li>\n\n\n\n<li>Wenn Sie mit uns per Email kommunizieren, werden Daten gegebenenfalls auf dem jeweiligen Endger\u00e4t (Computer, Laptop, Smartphone, \u2026) gespeichert und es kommt zur Speicherung von Daten auf dem Email-Server. Die Daten werden gel\u00f6scht, sobald der Gesch\u00e4ftsfall beendet wurde und es gesetzliche Vorgaben erlauben.<\/li>\n\n\n\n<li>Wenn Sie mit uns mittels Online-Formular kommunizieren, werden Daten auf unserem Webserver gespeichert und gegebenenfalls an eine Email-Adresse von uns weitergeleitet. Die Daten werden gel\u00f6scht, sobald der Gesch\u00e4ftsfall beendet wurde und es gesetzliche Vorgaben erlauben.<\/li>\n<\/ul>\n\n\n\n<h3 class=\"wp-block-heading\" id=\"webhosting\">Webhosting<\/h3>\n\n\n\n<p>Wenn Sie heutzutage Websites besuchen, werden gewisse Informationen \u2013 auch personenbezogene Daten \u2013 automatisch erstellt und gespeichert, so auch auf dieser Website. Diese Daten sollten m\u00f6glichst sparsam und nur mit Begr\u00fcndung verarbeitet werden. Mit Website meinen wir \u00fcbrigens die Gesamtheit aller Webseiten auf einer Domain, d.h. alles von der Startseite (Homepage) bis hin zur aller letzten Unterseite. Mit Domain meinen wir zum Beispiel beispiel.de oder musterbeispiel.com.<\/p>\n\n\n\n<p>Wenn Sie eine Website auf einem Bildschirm ansehen m\u00f6chten, verwenden Sie daf\u00fcr ein Programm, das sich Webbrowser nennt. Sie kennen vermutlich einige Webbrowser beim Namen: Google Chrome, Microsoft Edge, Mozilla Firefox und Apple Safari.<\/p>\n\n\n\n<p>Dieser Webbrowser muss sich zu einem anderen Computer verbinden, wo der Code der Website gespeichert ist: dem Webserver. Der Betrieb eines Webservers ist eine komplizierte und aufw\u00e4ndige Aufgabe, weswegen dies in der Regel von professionellen Anbietern, den Providern, \u00fcbernommen wird. Diese bieten Webhosting an und sorgen damit f\u00fcr eine verl\u00e4ssliche und fehlerfreie Speicherung der Daten von Websites.<\/p>\n\n\n\n<p>Bei der Verbindungsaufnahme des Browsers auf Ihrem Computer (Desktop, Laptop, Smartphone) und w\u00e4hrend der Daten\u00fcbertragung zu und vom Webserver kann es zu einer Verarbeitung personenbezogener Daten kommen. Einerseits speichert Ihr Computer Daten, andererseits muss auch der Webserver Daten eine Zeit lang speichern, um einen ordentlichen Betrieb zu gew\u00e4hrleisten. Der Zweck dieser Datenverarbeitung ist somit:<\/p>\n\n\n\n<ul class=\"wp-block-list\">\n<li>Professionelles Hosting der Website und Absicherung des Betriebs<\/li>\n\n\n\n<li>Aufrechterhaltung der Betriebs- und IT-Sicherheit<\/li>\n\n\n\n<li>Anonyme Auswertung des Zugriffsverhaltens zur Verbesserung unseres Angebots und ggf. zur Strafverfolgung bzw. Verfolgung von Anspr\u00fcchen<\/li>\n<\/ul>\n\n\n\n<p>W\u00e4hrend Sie unsere Website besuchen, speichert unser Webserver, das ist der Computer auf dem diese Webseite gespeichert ist, in der Regel automatisch Daten wie<\/p>\n\n\n\n<ul class=\"wp-block-list\">\n<li>die komplette Internetadresse (URL) der aufgerufenen Webseite<\/li>\n\n\n\n<li>Browser und Browserversion<\/li>\n\n\n\n<li>das verwendete Betriebssystem<\/li>\n\n\n\n<li>die Adresse (URL) der zuvor besuchten Seite (Referrer URL)<\/li>\n\n\n\n<li>den Hostnamen und die IP-Adresse des Ger\u00e4ts von welchem aus zugegriffen wird<\/li>\n\n\n\n<li>Datum und Uhrzeit<\/li>\n<\/ul>\n\n\n\n<p>in Dateien, den sogenannten Webserver-Logfiles.<\/p>\n\n\n\n<p>In der Regel werden diese Daten zwei Wochen gespeichert und danach automatisch gel\u00f6scht. Wir geben diese Daten nicht weiter, k\u00f6nnen jedoch nicht ausschlie\u00dfen, dass diese Daten beim Vorliegen von rechtswidrigem Verhalten von Beh\u00f6rden eingesehen werden.<\/p>\n\n\n\n<p>Die Rechtm\u00e4\u00dfigkeit der Verarbeitung personenbezogener Daten im Rahmen des Webhosting ergibt sich aus Art. 6 Abs. 1 lit. f DSGVO (Wahrung der berechtigten Interessen), denn die Nutzung von professionellem Hosting bei einem Provider ist notwendig, um das Unternehmen im Internet sicher und nutzerfreundlich pr\u00e4sentieren und Angriffe und Forderungen hieraus gegebenenfalls verfolgen zu k\u00f6nnen.<\/p>\n\n\n\n<p>Zwischen uns und dem Hostingprovider besteht ein Vertrag \u00fcber die Auftragsverarbeitung gem\u00e4\u00df Art. 28 f. DSGVO, der die Einhaltung von Datenschutz gew\u00e4hrleistet und Datensicherheit garantiert.<\/p>\n\n\n\n<p>Wir nutzen f\u00fcr unsere Website STRATO, unter anderem ein Webhosting-Anbieter. Dienstanbieter ist das deutsche Unternehmen STRATO AG, Pascalstra\u00dfe 10, 10587 Berlin, Deutschland.<\/p>\n\n\n\n<p>Mehr \u00fcber die Daten, die durch die Verwendung von STRATO verarbeitet und gespeichert werden, k\u00f6nnen Sie in der Datenschutzerkl\u00e4rung von Strato erfahren.<br><br><strong>Website Baukastensysteme<\/strong><\/p>\n\n\n\n<p>Wir verwenden f\u00fcr unsere Website ein Website Baukastensystem. Baukastensysteme sind besondere Formen eines Content-Management-Systems (CMS). Mit einem Baukastensystem k\u00f6nnen Websitebetreiber sehr leicht und ohne Programmierkenntnisse eine Website erstellen. In vielen F\u00e4llen bieten auch Webhoster Baukastensysteme an. Durch die Verwendung eines Baukastensystems k\u00f6nnen auch personenbezogene Daten von Ihnen erhoben, gespeichert und verarbeitet werden. Der gr\u00f6\u00dfte Vorteil eines Baukastensystems ist die einfache Bedienbarkeit. Wir wollen Ihnen eine klare, einfache und \u00fcbersichtliche Website bieten, die wir selbst \u2013 ohne externe Unterst\u00fctzung \u2013 problemlos bedienen und warten k\u00f6nnen. Ein Baukastensystem bietet mittlerweile viele hilfreiche Funktionen, die wir auch ohne Programmierkenntnisse anwenden k\u00f6nnen. Dadurch k\u00f6nnen wir unsere Webpr\u00e4senz nach unseren W\u00fcnschen gestalten und Ihnen eine informative und angenehme Zeit auf unserer Website bieten.<\/p>\n\n\n\n<p>Wir nutzen f\u00fcr unsere Website WordPress.com, ein Website Baukastensystem. Dienstanbieter ist das amerikanische Unternehmen Automattic Inc., 60 29th Street #343, San Francisco, CA 94110, USA.<\/p>\n\n\n\n<p>Als Grundlage der Datenverarbeitung bei Empf\u00e4ngern mit Sitz in Drittstaaten au\u00dferhalb der Europ\u00e4ischen Union, Island, Liechtenstein und Norwegen, oder einer Datenweitergabe verwenden Anbieter von der EU-Kommission genehmigte Standardvertragsklauseln (= Art. 46. Abs. 2 und 3 DSGVO). Diese Klauseln verpflichten auch WordPress.com, das EU-Datenschutzniveau bei der Verarbeitung relevanter Daten auch au\u00dferhalb der EU einzuhalten. Diese Klauseln basieren auf einem Durchf\u00fchrungsbeschluss der EU-Kommission.&nbsp;<\/p>\n\n\n\n<p>Mehr \u00fcber die Daten, die durch die Verwendung von WordPress verarbeitet und gespeichert werden, k\u00f6nnen Sie in der Datenschutzerkl\u00e4rung von WordPress erfahren.<br><br><strong>Reichweitenmessung und Cookies<\/strong><\/p>\n\n\n\n<p>Diese Website verwendet Cookies zur pseudonymisierten Reichweitenmessung, die entweder von unserem Server oder dem Server Dritter an den Browser des Nutzers \u00fcbertragen werden. Bei Cookies handelt es sich um kleine Dateien, welche auf Ihrem Endger\u00e4t gespeichert werden. Ihr Browser greift auf diese Dateien zu. Durch den Einsatz von Cookies erh\u00f6ht sich die Benutzerfreundlichkeit und Sicherheit dieser Website.<\/p>\n\n\n\n<p>Falls Sie nicht m\u00f6chten, dass Cookies zur Reichweitenmessung auf Ihrem Endger\u00e4t gespeichert werden, k\u00f6nnen Sie dem Einsatz dieser Dateien hier widersprechen:<\/p>\n\n\n\n<p>Cookie-Deaktivierungsseite europ\u00e4ischer Websites:\u00a0<a href=\"http:\/\/optout.networkadvertising.org\/?c=1#!\/\" target=\"_blank\" rel=\"noreferrer noopener\">http:\/\/optout.networkadvertising.org\/?c=1#!\/<\/a> G\u00e4ngige Browser bieten die Einstellungsoption, Cookies nicht zuzulassen. Hinweis: Es ist nicht gew\u00e4hrleistet, dass Sie auf alle Funktionen dieser Website ohne Einschr\u00e4nkungen zugreifen k\u00f6nnen, wenn Sie entsprechende Einstellungen vornehmen.<\/p>\n\n\n\n<p><br><strong>Abschlie\u00dfende Hinweise<\/strong><\/p>\n\n\n\n<p>Sie haben immer das Recht auf Auskunft, Berichtigung und L\u00f6schung Ihrer personenbezogenen Daten. Kontaktdaten finden Sie in dieser Datenschutzerkl\u00e4rung oder Impressum.<\/p>\n\n\n\n<p>Mit dieser Datenschutzerkl\u00e4rung haben wir versucht, Ihnen die wichtigsten allgemeinen Informationen rund um die Datenverarbeitung und den Datenschutz n\u00e4her zu bringen.<\/p>\n\n\n\n<p>Dieser Text wurde erstellt auf Basis des Datenschutzgenerators von eRecht24 sowie AdSimple.<\/p>\n","protected":false},"excerpt":{"rendered":"<p>Datenschutzerkl\u00e4rung &nbsp; Einleitung und \u00dcberblick Wir haben diese Datenschutzerkl\u00e4rung verfasst, um Ihnen gem\u00e4\u00df den Vorgaben der&nbsp;Datenschutz-Grundverordnung (EU) 2016\/679 und anwendbaren nationalen Gesetzen zu erkl\u00e4ren, welche personenbezogenen Daten (kurz Daten) wir als Verantwortliche \u2013 und die von uns beauftragten Auftragsverarbeiter (z. B. Provider) \u2013 verarbeiten, zuk\u00fcnftig verarbeiten werden und welche rechtm\u00e4\u00dfigen M\u00f6glichkeiten Sie haben. Die verwendeten [&hellip;]<\/p>\n","protected":false},"author":1,"featured_media":0,"parent":0,"menu_order":0,"comment_status":"closed","ping_status":"closed","template":"","meta":{"ghostkit_customizer_options":"","ghostkit_custom_css":"","ghostkit_custom_js_head":"","ghostkit_custom_js_foot":"","ghostkit_typography":"","footnotes":""},"class_list":["post-121","page","type-page","status-publish","hentry"],"_links":{"self":[{"href":"https:\/\/hy-performance.fitness\/index.php?rest_route=\/wp\/v2\/pages\/121","targetHints":{"allow":["GET"]}}],"collection":[{"href":"https:\/\/hy-performance.fitness\/index.php?rest_route=\/wp\/v2\/pages"}],"about":[{"href":"https:\/\/hy-performance.fitness\/index.php?rest_route=\/wp\/v2\/types\/page"}],"author":[{"embeddable":true,"href":"https:\/\/hy-performance.fitness\/index.php?rest_route=\/wp\/v2\/users\/1"}],"replies":[{"embeddable":true,"href":"https:\/\/hy-performance.fitness\/index.php?rest_route=%2Fwp%2Fv2%2Fcomments&post=121"}],"version-history":[{"count":4,"href":"https:\/\/hy-performance.fitness\/index.php?rest_route=\/wp\/v2\/pages\/121\/revisions"}],"predecessor-version":[{"id":328,"href":"https:\/\/hy-performance.fitness\/index.php?rest_route=\/wp\/v2\/pages\/121\/revisions\/328"}],"wp:attachment":[{"href":"https:\/\/hy-performance.fitness\/index.php?rest_route=%2Fwp%2Fv2%2Fmedia&parent=121"}],"curies":[{"name":"wp","href":"https:\/\/api.w.org\/{rel}","templated":true}]}}