{"id":120,"date":"2024-12-02T19:34:50","date_gmt":"2024-12-02T18:34:50","guid":{"rendered":"https:\/\/hy-performance.fitness\/?page_id=120"},"modified":"2024-12-16T17:05:45","modified_gmt":"2024-12-16T16:05:45","slug":"impressum","status":"publish","type":"page","link":"https:\/\/hy-performance.fitness\/?page_id=120","title":{"rendered":"impressum"},"content":{"rendered":"\n<div style=\"height:100px\" aria-hidden=\"true\" class=\"wp-block-spacer\"><\/div>\n\n\n\n<h1 class=\"wp-block-heading\" id=\"impressum\">Impressum<\/h1>\n\n\n\n<p><strong>Trainingsstudio hy_performance<br><\/strong>Fiedelerstra\u00dfe 18, 30519 Hannover<br>Telefon +49 172 29 87 222<br>Email office@hy-performance.fitness<br><br>Trainingsstudio hy_performance ist ein Gesch\u00e4ftsbereich der hyreis Retail GmbH<br>Fiedelerstra\u00dfe 18, 30519 Hannover<br>Telefon +49 172 29 87 222<br>Email office@hyreis.de<br>Gesch\u00e4ftsf\u00fchrung Hugo Reissner, AG Hannover HRB 206208<br>Steuer Nr. 25\/208\/12251, USt-IdNr. DE273625861<\/p>\n\n\n\n<p><strong>Mitarbeiter der Redaktion, V.i.S.d.P.:<\/strong><\/p>\n\n\n\n<p>Hugo Reissner<br><br><\/p>\n\n\n\n<h4 class=\"wp-block-heading\" id=\"haftung-fur-inhalte\"><strong>Haftung f\u00fcr Inhalte:<\/strong><\/h4>\n\n\n\n<p>Die Informationen auf dieser Webseite sind allgemeiner und informativer Art. Sie wurden mit gr\u00f6\u00dfter Sorgfalt erstellt. F\u00fcr die Richtigkeit, Vollst\u00e4ndigkeit und Aktualit\u00e4t der Inhalte k\u00f6nnen wir jedoch keine Gew\u00e4hr \u00fcbernehmen. Als Diensteanbieter sind wir gem\u00e4\u00df \u00a7 7 Abs. 1 TMG f\u00fcr eigene Inhalte auf diesen Seiten nach den allgemeinen Gesetzen verantwortlich. Nach \u00a7\u00a7 8 bis 10 TMG sind wir als Diensteanbieter jedoch nicht verpflichtet, \u00fcbermittelte oder gespeicherte fremde Informationen zu \u00fcberwachen oder nach Umst\u00e4nden zu forschen, die auf eine rechtswidrige T\u00e4tigkeit hinweisen. Verpflichtungen zur Entfernung oder Sperrung der Nutzung von Informationen nach den allgemeinen Gesetzen bleiben hiervon unber\u00fchrt. Eine diesbez\u00fcgliche Haftung ist jedoch erst ab dem Zeitpunkt der Kenntnis einer konkreten Rechtsverletzung m\u00f6glich. Bei Bekanntwerden von entsprechenden Rechtsverletzungen werden wir diese Inhalte umgehend entfernen.<\/p>\n\n\n\n<h4 class=\"wp-block-heading\" id=\"links\"><strong>Links:<\/strong><\/h4>\n\n\n\n<p>Unsere Webseiten enthalten teilweise Links zu externen Webseiten Dritter, auf deren Inhalte wir keinen Einfluss haben. Deshalb k\u00f6nnen wir f\u00fcr diese fremden Inhalte auch keine Gew\u00e4hr \u00fcbernehmen. F\u00fcr die Inhalte der verlinkten Seiten ist stets der jeweilige Anbieter oder Betreiber der Seiten verantwortlich. Die verlinkten Seiten wurden zum Zeitpunkt der Verlinkung auf m\u00f6gliche Rechtsverst\u00f6\u00dfe \u00fcberpr\u00fcft. Rechtswidrige Inhalte waren zum Zeitpunkt der Verlinkung nicht erkennbar. Eine permanente inhaltliche Kontrolle der verlinkten Seiten ist jedoch ohne konkrete Anhaltspunkte einer Rechtsverletzung nicht zumutbar. Bei Bekanntwerden von Rechtsverletzungen werden wir derartige Links umgehend entfernen.<\/p>\n\n\n\n<h4 class=\"wp-block-heading\">&nbsp;<\/h4>\n\n\n\n<h4 class=\"wp-block-heading\" id=\"urheberrecht\"><strong>Urheberrecht:<\/strong><\/h4>\n\n\n\n<p>Die durch uns erstellten Inhalte und Werke auf diesen Seiten unterliegen dem deutschen Urheberrecht. Bei Weitergabe und Vervielf\u00e4ltigung bitten wir um Quellenangabe.<\/p>\n\n\n\n<p>Soweit die Inhalte auf dieser Seite nicht von uns erstellt wurden, werden die Urheberrechte Dritter beachtet. Insbesondere werden Inhalte Dritter als solche gekennzeichnet. Sollten Sie trotzdem auf eine Urheberrechtsverletzung aufmerksam werden, bitten wir um einen entsprechenden Hinweis. Bei Bekanntwerden von Rechtsverletzungen werden wir derartige Inhalte umgehend entfernen.<\/p>\n\n\n\n<p>Die auf der Website verwendeten Bilder stammen u. a. von Michael Siebert.<\/p>\n\n\n\n<p>Links auf unsere Internetseiten sind nur zul\u00e4ssig, wenn die Links nicht von Seiten mit rechtswidrigen, beleidigenden, diskriminierenden, verfassungsfeindlichen, oder anderweitig inakzeptablen Inhalten erfolgen.<\/p>\n\n\n\n<h4 class=\"wp-block-heading\">&nbsp;<\/h4>\n\n\n\n<h4 class=\"wp-block-heading\" id=\"datenschutz\"><strong>Datenschutz:<\/strong><\/h4>\n\n\n\n<p>Datenschutzhinweise zur Nutzung unserer Website sowie die Datenschutzhinweise gem\u00e4\u00df der Datenschutz-Grundverordnung finden Sie unter https:\/\/<a href=\"https:\/\/hy-performance.fitness\/?page_id=121\" data-type=\"page\" data-id=\"121\">www.hy-performance.fitness\/datenschutz<\/a><\/p>\n","protected":false},"excerpt":{"rendered":"<p>Impressum Trainingsstudio hy_performanceFiedelerstra\u00dfe 18, 30519 HannoverTelefon +49 172 29 87 222Email office@hy-performance.fitness Trainingsstudio hy_performance ist ein Gesch\u00e4ftsbereich der hyreis Retail GmbHFiedelerstra\u00dfe 18, 30519 HannoverTelefon +49 172 29 87 222Email office@hyreis.deGesch\u00e4ftsf\u00fchrung Hugo Reissner, AG Hannover HRB 206208Steuer Nr. 25\/208\/12251, USt-IdNr. DE273625861 Mitarbeiter der Redaktion, V.i.S.d.P.: Hugo Reissner Haftung f\u00fcr Inhalte: Die Informationen auf dieser Webseite sind [&hellip;]<\/p>\n","protected":false},"author":1,"featured_media":0,"parent":0,"menu_order":0,"comment_status":"closed","ping_status":"closed","template":"","meta":{"ghostkit_customizer_options":"","ghostkit_custom_css":"","ghostkit_custom_js_head":"","ghostkit_custom_js_foot":"","ghostkit_typography":"","footnotes":""},"class_list":["post-120","page","type-page","status-publish","hentry"],"_links":{"self":[{"href":"https:\/\/hy-performance.fitness\/index.php?rest_route=\/wp\/v2\/pages\/120","targetHints":{"allow":["GET"]}}],"collection":[{"href":"https:\/\/hy-performance.fitness\/index.php?rest_route=\/wp\/v2\/pages"}],"about":[{"href":"https:\/\/hy-performance.fitness\/index.php?rest_route=\/wp\/v2\/types\/page"}],"author":[{"embeddable":true,"href":"https:\/\/hy-performance.fitness\/index.php?rest_route=\/wp\/v2\/users\/1"}],"replies":[{"embeddable":true,"href":"https:\/\/hy-performance.fitness\/index.php?rest_route=%2Fwp%2Fv2%2Fcomments&post=120"}],"version-history":[{"count":4,"href":"https:\/\/hy-performance.fitness\/index.php?rest_route=\/wp\/v2\/pages\/120\/revisions"}],"predecessor-version":[{"id":326,"href":"https:\/\/hy-performance.fitness\/index.php?rest_route=\/wp\/v2\/pages\/120\/revisions\/326"}],"wp:attachment":[{"href":"https:\/\/hy-performance.fitness\/index.php?rest_route=%2Fwp%2Fv2%2Fmedia&parent=120"}],"curies":[{"name":"wp","href":"https:\/\/api.w.org\/{rel}","templated":true}]}}